{"id":18803,"date":"2024-05-13T23:03:29","date_gmt":"2024-05-13T21:03:29","guid":{"rendered":"https:\/\/altermodus.me\/lets-talk-about-the-offer\/"},"modified":"2024-12-02T16:30:34","modified_gmt":"2024-12-02T15:30:34","slug":"lets-talk-about-the-offer","status":"publish","type":"page","link":"https:\/\/altermodus.me\/en\/lets-talk-about-the-offer\/","title":{"rendered":"Let&#8217;s talk about the offer"},"content":{"rendered":"\t\t<div data-elementor-type=\"wp-page\" data-elementor-id=\"18803\" class=\"elementor elementor-18803 elementor-17711\" data-elementor-post-type=\"page\">\n\t\t\t\t<div class=\"elementor-element elementor-element-34eb154 e-con-full e-flex e-con e-parent\" data-id=\"34eb154\" data-element_type=\"container\" data-e-type=\"container\" data-settings=\"{&quot;background_background&quot;:&quot;classic&quot;}\">\n\t\t\t\t<div class=\"elementor-element elementor-element-2850c0b8 elementor-widget elementor-widget-heading\" data-id=\"2850c0b8\" data-element_type=\"widget\" data-e-type=\"widget\" data-widget_type=\"heading.default\">\n\t\t\t\t<div class=\"elementor-widget-container\">\n\t\t\t\t\t<h2 class=\"elementor-heading-title elementor-size-default\">Let's talk about the offer<\/h2>\t\t\t\t<\/div>\n\t\t\t\t<\/div>\n\t\t\t\t<div class=\"elementor-element elementor-element-7ed9678 elementor-widget elementor-widget-jet-form-builder-form\" data-id=\"7ed9678\" data-element_type=\"widget\" data-e-type=\"widget\" data-widget_type=\"jet-form-builder-form.default\">\n\t\t\t\t<div class=\"elementor-widget-container\">\n\t\t\t\t\t<link rel='stylesheet' id='wp-block-library-css' href='https:\/\/altermodus.me\/wp-includes\/css\/dist\/block-library\/style.min.css?ver=6.9.4' media='all' \/>\n<style id=\"jet-form-builder-18800-inline-css\"><\/style><form  class=\"jet-form-builder layout-column submit-type-ajax\" action=\"https:\/\/altermodus.me\/en\/wp-json\/wp\/v2\/pages\/18803\/?gnHQaA=pxAITjLpTa&amp;method=reload\" method=\"POST\" data-form-id=\"18800\" data-layout=\"column\" enctype=\"multipart\/form-data\" novalidate=\"null\" ssr_validation_method=\"rest\">\r\n<input type=\"hidden\" name=\"_jfb_current_render_states[]\" value=\"DEFAULT.STATE\" data-jfb-sync \/><input type=\"hidden\" class=\"jet-form-builder__field hidden-field\" name=\"_jet_engine_booking_form_id\" data-field-name=\"_jet_engine_booking_form_id\" value=\"18800\">\n<input type=\"hidden\" class=\"jet-form-builder__field hidden-field\" name=\"_jet_engine_refer\" data-field-name=\"_jet_engine_refer\" value=\"https:\/\/altermodus.me\/en\/wp-json\/wp\/v2\/pages\/18803\/\">\n<input type=\"hidden\" class=\"jet-form-builder__field hidden-field\" name=\"__queried_post_id\" data-field-name=\"__queried_post_id\" value=\"18803\">\n\n<input type=\"hidden\" class=\"jet-form-builder__field hidden-field\" name=\"post_id\" data-field-name=\"post_id\" data-jfb-sync=\"null\" value=\"18803\">\n\n\n\n<div  class=\"jet-form-builder-row field-type-text-field\" >\n<div class=\"jet-form-builder__label\">\r\n<div class=\"jet-form-builder__label-text\">Name of authorized person (authorized person in legal entity) <span class=\"jet-form-builder__required\">*<\/span><\/div><\/div><div class=\"jet-form-builder__field-wrap\">\n\t\t\t\t<input required=\"required\" name=\"person_name\" id=\"person_name\" type=\"text\" data-field-name=\"person_name\" class=\"jet-form-builder__field text-field\" data-jfb-sync=\"null\" autocomplete=\"off_OvnDUfw0\">\n\t\t\t\t\t<\/div>\n<\/div>\n\n<div  class=\"jet-form-builder-row field-type-text-field\" >\n<div class=\"jet-form-builder__label\">\r\n<div class=\"jet-form-builder__label-text\">Name of legal entity (company) and TIN <span class=\"jet-form-builder__required\">*<\/span><\/div><\/div><div class=\"jet-form-builder__field-wrap\">\n\t\t\t\t<input required=\"required\" name=\"company_name_tin\" id=\"company_name_tin\" type=\"text\" data-field-name=\"company_name_tin\" class=\"jet-form-builder__field text-field\" data-jfb-sync=\"null\" autocomplete=\"off_GbsdoHpP\">\n\t\t\t\t\t<\/div>\n<\/div>\n\n<div  class=\"jet-form-builder-row field-type-text-field\" >\n<div class=\"jet-form-builder__label\">\r\n<div class=\"jet-form-builder__label-text\">Phone number (of legal entity) <span class=\"jet-form-builder__required\">*<\/span><\/div><\/div><div class=\"jet-form-builder__field-wrap\">\n\t\t\t\t<input required=\"required\" name=\"phone_number\" id=\"phone_number\" type=\"text\" data-field-name=\"phone_number\" class=\"jet-form-builder__field text-field\" data-jfb-sync=\"null\" autocomplete=\"off_IjRl5t1Z\">\n\t\t\t\t\t<\/div>\n<\/div>\n\n<div  class=\"jet-form-builder-row field-type-text-field\" >\n<div class=\"jet-form-builder__label\">\r\n<div class=\"jet-form-builder__label-text\">Email (of legal entity)<\/div><\/div><div class=\"jet-form-builder__field-wrap\">\n\t\t\t\t<input name=\"email_eng\" id=\"email_eng\" type=\"text\" data-field-name=\"email_eng\" class=\"jet-form-builder__field text-field\" data-jfb-sync=\"null\" autocomplete=\"off_X05sGTKQ\">\n\t\t\t\t\t<\/div>\n<\/div>\n\n<div  class=\"jet-form-builder-row field-type-radio-field wp-block-jet-forms-radio-field\">\n<div class=\"jet-form-builder__label\">\r\n<div class=\"jet-form-builder__label-text\">Meeting point <span class=\"jet-form-builder__required\">*<\/span><\/div><\/div><div class=\"jet-form-builder__fields-group checkradio-wrap\" data-jfb-sync><div class=\"jet-form-builder__field-wrap radio-wrap checkradio-wrap\"><label class=\"jet-form-builder__field-label for-radio\">\n<input type=\"radio\" name=\"meeting_point\" value=\"In your business office\" data-field-name=\"meeting_point\"  class=\"jet-form-builder__field radio-field checkradio-field\" required=\"required\"><span>In your business office<\/span><\/label><\/div><div class=\"jet-form-builder__field-wrap radio-wrap checkradio-wrap\"><label class=\"jet-form-builder__field-label for-radio\">\n<input type=\"radio\" name=\"meeting_point\" value=\"In Alter Modus office\" data-field-name=\"meeting_point\"  class=\"jet-form-builder__field radio-field checkradio-field\" required=\"required\"><span>In Alter Modus office<\/span><\/label><\/div><\/div>\n<\/div>\n\n<div class=\"jet-form-builder__conditional \" data-jfb-conditional=\"[{&quot;operator&quot;:&quot;equal&quot;,&quot;value&quot;:&quot;In your business office&quot;,&quot;field&quot;:&quot;meeting_point&quot;,&quot;use_preset&quot;:false}]\" data-jfb-func=\"show\">\n<div  class=\"jet-form-builder-row field-type-select-field wp-block-jet-forms-select-field\">\n<div class=\"jet-form-builder__label\">\r\n<div class=\"jet-form-builder__label-text\">Choose town <span class=\"jet-form-builder__required\">*<\/span><\/div><\/div><div class=\"jet-form-builder__field-wrap\">\n\t<select class=\"jet-form-builder__field select-field\" required=\"required\" name=\"choose_town\" data-field-name=\"choose_town\" id=\"choose_town\" data-jfb-sync=\"null\">\n\t\t<option value=\"Choose town from the list\" >Choose town from the list<\/option><option value=\"Andrijevica\" >Andrijevica<\/option><option value=\"Bar\" >Bar<\/option><option value=\"Berane\" >Berane<\/option><option value=\"Bijelo Polje\" >Bijelo Polje<\/option><option value=\"Budva\" >Budva<\/option><option value=\"Cetinje\" >Cetinje<\/option><option value=\"Danilovgrad\" >Danilovgrad<\/option><option value=\"Gusinje\" >Gusinje<\/option><option value=\"Herceg Novi\" >Herceg Novi<\/option><option value=\"Kola\u0161in\" >Kola\u0161in<\/option><option value=\"Kotor\" >Kotor<\/option><option value=\"Mojkovac\" >Mojkovac<\/option><option value=\"Nik\u0161i\u0107\" >Nik\u0161i\u0107<\/option><option value=\"Petnjica\" >Petnjica<\/option><option value=\"Plav\" >Plav<\/option><option value=\"Plu\u017eine\" >Plu\u017eine<\/option><option value=\"Pljevlja\" >Pljevlja<\/option><option value=\"Podgorica - Centar\" >Podgorica - Centar<\/option><option value=\"Podgorica - City kvart\" >Podgorica - City kvart<\/option><option value=\"Podgorica - Stari aerodrom\" >Podgorica - Stari aerodrom<\/option><option value=\"Ro\u017eaje\" >Ro\u017eaje<\/option><option value=\"\u0160avnik\" >\u0160avnik<\/option><option value=\"Tivat\" >Tivat<\/option><option value=\"Tuzi\" >Tuzi<\/option><option value=\"Ulcinj\" >Ulcinj<\/option><option value=\"\u017dabljak\" >\u017dabljak<\/option><option value=\"Zeta\" >Zeta<\/option>\t<\/select>\n<\/div>\n<\/div>\n\n<div  class=\"jet-form-builder-row field-type-text-field\" >\n<div class=\"jet-form-builder__label\">\r\n<div class=\"jet-form-builder__label-text\">Your business address <span class=\"jet-form-builder__required\">*<\/span><\/div><\/div><div class=\"jet-form-builder__field-wrap\">\n\t\t\t\t<input required=\"required\" name=\"your_business_address\" id=\"your_business_address\" type=\"text\" data-field-name=\"your_business_address\" class=\"jet-form-builder__field text-field\" data-jfb-sync=\"null\" autocomplete=\"off_GE82nujA\">\n\t\t\t\t\t<\/div>\n<\/div>\n<\/div>\n\n<div class=\"jet-form-builder__conditional \" data-jfb-conditional=\"[{&quot;operator&quot;:&quot;equal&quot;,&quot;value&quot;:&quot;In Alter Modus office&quot;,&quot;field&quot;:&quot;meeting_point&quot;,&quot;use_preset&quot;:false}]\" data-jfb-func=\"show\">\n<div  class=\"jet-form-builder-row field-type-select-field wp-block-jet-forms-select-field\">\n<div class=\"jet-form-builder__label\">\r\n<div class=\"jet-form-builder__label-text\">Choose our branch <span class=\"jet-form-builder__required\">*<\/span><\/div><\/div><div class=\"jet-form-builder__field-wrap\">\n\t<select class=\"jet-form-builder__field select-field\" required=\"required\" name=\"choose_our_branch\" data-field-name=\"choose_our_branch\" id=\"choose_our_branch\" data-jfb-sync=\"null\">\n\t\t<option value=\"Choose...\" >Choose...<\/option><option value=\"Bar\" >Bar<\/option><option value=\"Berane\" >Berane<\/option><option value=\"Bijela\" >Bijela<\/option><option value=\"Bijelo Polje\" >Bijelo Polje<\/option><option value=\"Budva\" >Budva<\/option><option value=\"Cetinje\" >Cetinje<\/option><option value=\"Danilovgrad\" >Danilovgrad<\/option><option value=\"Golubovci\" >Golubovci<\/option><option value=\"Herceg Novi\" >Herceg Novi<\/option><option value=\"Kola\u0161in\" >Kola\u0161in<\/option><option value=\"Kotor\" >Kotor<\/option><option value=\"Nik\u0161i\u0107\" >Nik\u0161i\u0107<\/option><option value=\"Plav\" >Plav<\/option><option value=\"Pljevlja\" >Pljevlja<\/option><option value=\"Podgorica 1 - Stari aerodrom\" >Podgorica 1 - Stari aerodrom<\/option><option value=\"Podgorica 2 - City kvart\" >Podgorica 2 - City kvart<\/option><option value=\"Podgorica 3 - Centar\" >Podgorica 3 - Centar<\/option><option value=\"Tivat\" >Tivat<\/option><option value=\"Ulcinj\" >Ulcinj<\/option><option value=\"Vidrovan\" >Vidrovan<\/option>\t<\/select>\n<\/div>\n<\/div>\n<\/div>\n\n<div  class=\"jet-form-builder-row field-type-textarea-field\" >\n<div class=\"jet-form-builder__label\">\r\n<div class=\"jet-form-builder__label-text\">Message<\/div><\/div><div class=\"jet-form-builder__field-wrap\">\n\t\t<textarea class=\"jet-form-builder__field textarea-field\" name=\"message\" data-field-name=\"message\" id=\"message\" data-jfb-sync=\"null\"><\/textarea>\n\t<\/div>\n<\/div>\n\n<input type=\"hidden\" class=\"captcha-token\" name=\"_captcha_token\" value=\"\"\/><div  class=\"jet-form-builder-row field-type-submit-field\" >\n\t<div data-type=\"submit\" class=\"jet-form-builder__action-button-wrapper jet-form-builder__submit-wrap\">\n\t<button class=\"jet-form-builder__action-button jet-form-builder__submit submit-type-ajax\" type=\"submit\">SCHEDULE A MEETING<\/button>\n\t<\/div>\n\t\n<\/div>\t<div class=\"jet-form-builder-messages-wrap\" data-form-id=\"18800\"><\/div>\n<\/form>\n\t\t\t\t<\/div>\n\t\t\t\t<\/div>\n\t\t\t\t<\/div>\n\t\t<div class=\"elementor-element elementor-element-6b2e0f13 e-flex e-con-boxed e-con e-parent\" data-id=\"6b2e0f13\" data-element_type=\"container\" data-e-type=\"container\">\n\t\t\t\t\t<div class=\"e-con-inner\">\n\t\t\t\t\t<\/div>\n\t\t\t\t<\/div>\n\t\t\t\t<\/div>\n\t\t","protected":false},"excerpt":{"rendered":"<p>Let&#8217;s talk about the offer Name of authorized person (authorized person in legal entity) * Name of legal entity (company) and TIN * Phone number (of legal entity) * Email (of legal entity) Meeting point * In your business office In Alter Modus office Choose town * Choose town from the listAndrijevicaBarBeraneBijelo PoljeBudvaCetinjeDanilovgradGusinjeHerceg NoviKola\u0161inKotorMojkovacNik\u0161i\u0107PetnjicaPlavPlu\u017einePljevljaPodgorica &#8211; [&hellip;]<\/p>\n","protected":false},"author":9,"featured_media":0,"parent":0,"menu_order":0,"comment_status":"closed","ping_status":"closed","template":"template-blank.php","meta":{"footnotes":""},"class_list":["post-18803","page","type-page","status-publish","hentry"],"yoast_head":"<!-- This site is optimized with the Yoast SEO plugin v27.2 - https:\/\/yoast.com\/product\/yoast-seo-wordpress\/ -->\n<title>Let&#039;s talk about the offer - Alter Modus<\/title>\n<meta name=\"description\" content=\"Let&#039;s talk about the offer.\" \/>\n<meta name=\"robots\" content=\"noindex, nofollow\" \/>\n<meta property=\"og:locale\" content=\"en_US\" \/>\n<meta property=\"og:type\" content=\"article\" \/>\n<meta property=\"og:title\" content=\"Let&#039;s talk about the offer - Alter Modus\" \/>\n<meta property=\"og:description\" content=\"Let&#039;s talk about the offer.\" \/>\n<meta property=\"og:url\" content=\"https:\/\/altermodus.me\/en\/lets-talk-about-the-offer\/\" \/>\n<meta property=\"og:site_name\" content=\"Alter Modus\" \/>\n<meta property=\"article:modified_time\" content=\"2024-12-02T15:30:34+00:00\" \/>\n<meta property=\"og:image\" content=\"https:\/\/altermodus.me\/wp-content\/uploads\/2025\/08\/AM-featured.jpg\" \/>\n\t<meta property=\"og:image:width\" content=\"1200\" \/>\n\t<meta property=\"og:image:height\" content=\"675\" \/>\n\t<meta property=\"og:image:type\" content=\"image\/jpeg\" \/>\n<meta name=\"twitter:card\" content=\"summary_large_image\" \/>\n<script type=\"application\/ld+json\" class=\"yoast-schema-graph\">{\"@context\":\"https:\/\/schema.org\",\"@graph\":[{\"@type\":\"WebPage\",\"@id\":\"https:\/\/altermodus.me\/en\/lets-talk-about-the-offer\/\",\"url\":\"https:\/\/altermodus.me\/en\/lets-talk-about-the-offer\/\",\"name\":\"Let's talk about the offer - Alter Modus\",\"isPartOf\":{\"@id\":\"https:\/\/altermodus.me\/#website\"},\"datePublished\":\"2024-05-13T21:03:29+00:00\",\"dateModified\":\"2024-12-02T15:30:34+00:00\",\"description\":\"Let's talk about the offer.\",\"breadcrumb\":{\"@id\":\"https:\/\/altermodus.me\/en\/lets-talk-about-the-offer\/#breadcrumb\"},\"inLanguage\":\"en-US\",\"potentialAction\":[{\"@type\":\"ReadAction\",\"target\":[\"https:\/\/altermodus.me\/en\/lets-talk-about-the-offer\/\"]}]},{\"@type\":\"BreadcrumbList\",\"@id\":\"https:\/\/altermodus.me\/en\/lets-talk-about-the-offer\/#breadcrumb\",\"itemListElement\":[{\"@type\":\"ListItem\",\"position\":1,\"name\":\"Home\",\"item\":\"https:\/\/altermodus.me\/\"},{\"@type\":\"ListItem\",\"position\":2,\"name\":\"Let&#8217;s talk about the offer\"}]},{\"@type\":\"WebSite\",\"@id\":\"https:\/\/altermodus.me\/#website\",\"url\":\"https:\/\/altermodus.me\/\",\"name\":\"Alter Modus\",\"description\":\"Mikrokreditna finansijska institucija\",\"publisher\":{\"@id\":\"https:\/\/altermodus.me\/#organization\"},\"potentialAction\":[{\"@type\":\"SearchAction\",\"target\":{\"@type\":\"EntryPoint\",\"urlTemplate\":\"https:\/\/altermodus.me\/?s={search_term_string}\"},\"query-input\":{\"@type\":\"PropertyValueSpecification\",\"valueRequired\":true,\"valueName\":\"search_term_string\"}}],\"inLanguage\":\"en-US\"},{\"@type\":\"Organization\",\"@id\":\"https:\/\/altermodus.me\/#organization\",\"name\":\"Alter Modus\",\"url\":\"https:\/\/altermodus.me\/\",\"logo\":{\"@type\":\"ImageObject\",\"inLanguage\":\"en-US\",\"@id\":\"https:\/\/altermodus.me\/#\/schema\/logo\/image\/\",\"url\":\"https:\/\/altermodus.me\/wp-content\/uploads\/2019\/04\/altermodus-logo-final.png\",\"contentUrl\":\"https:\/\/altermodus.me\/wp-content\/uploads\/2019\/04\/altermodus-logo-final.png\",\"width\":600,\"height\":200,\"caption\":\"Alter Modus\"},\"image\":{\"@id\":\"https:\/\/altermodus.me\/#\/schema\/logo\/image\/\"}}]}<\/script>\n<!-- \/ Yoast SEO plugin. -->","yoast_head_json":{"title":"Let's talk about the offer - Alter Modus","description":"Let's talk about the offer.","robots":{"index":"noindex","follow":"nofollow"},"og_locale":"en_US","og_type":"article","og_title":"Let's talk about the offer - Alter Modus","og_description":"Let's talk about the offer.","og_url":"https:\/\/altermodus.me\/en\/lets-talk-about-the-offer\/","og_site_name":"Alter Modus","article_modified_time":"2024-12-02T15:30:34+00:00","og_image":[{"width":1200,"height":675,"url":"https:\/\/altermodus.me\/wp-content\/uploads\/2025\/08\/AM-featured.jpg","type":"image\/jpeg"}],"twitter_card":"summary_large_image","schema":{"@context":"https:\/\/schema.org","@graph":[{"@type":"WebPage","@id":"https:\/\/altermodus.me\/en\/lets-talk-about-the-offer\/","url":"https:\/\/altermodus.me\/en\/lets-talk-about-the-offer\/","name":"Let's talk about the offer - Alter Modus","isPartOf":{"@id":"https:\/\/altermodus.me\/#website"},"datePublished":"2024-05-13T21:03:29+00:00","dateModified":"2024-12-02T15:30:34+00:00","description":"Let's talk about the offer.","breadcrumb":{"@id":"https:\/\/altermodus.me\/en\/lets-talk-about-the-offer\/#breadcrumb"},"inLanguage":"en-US","potentialAction":[{"@type":"ReadAction","target":["https:\/\/altermodus.me\/en\/lets-talk-about-the-offer\/"]}]},{"@type":"BreadcrumbList","@id":"https:\/\/altermodus.me\/en\/lets-talk-about-the-offer\/#breadcrumb","itemListElement":[{"@type":"ListItem","position":1,"name":"Home","item":"https:\/\/altermodus.me\/"},{"@type":"ListItem","position":2,"name":"Let&#8217;s talk about the offer"}]},{"@type":"WebSite","@id":"https:\/\/altermodus.me\/#website","url":"https:\/\/altermodus.me\/","name":"Alter Modus","description":"Mikrokreditna finansijska institucija","publisher":{"@id":"https:\/\/altermodus.me\/#organization"},"potentialAction":[{"@type":"SearchAction","target":{"@type":"EntryPoint","urlTemplate":"https:\/\/altermodus.me\/?s={search_term_string}"},"query-input":{"@type":"PropertyValueSpecification","valueRequired":true,"valueName":"search_term_string"}}],"inLanguage":"en-US"},{"@type":"Organization","@id":"https:\/\/altermodus.me\/#organization","name":"Alter Modus","url":"https:\/\/altermodus.me\/","logo":{"@type":"ImageObject","inLanguage":"en-US","@id":"https:\/\/altermodus.me\/#\/schema\/logo\/image\/","url":"https:\/\/altermodus.me\/wp-content\/uploads\/2019\/04\/altermodus-logo-final.png","contentUrl":"https:\/\/altermodus.me\/wp-content\/uploads\/2019\/04\/altermodus-logo-final.png","width":600,"height":200,"caption":"Alter Modus"},"image":{"@id":"https:\/\/altermodus.me\/#\/schema\/logo\/image\/"}}]}},"_links":{"self":[{"href":"https:\/\/altermodus.me\/en\/wp-json\/wp\/v2\/pages\/18803","targetHints":{"allow":["GET"]}}],"collection":[{"href":"https:\/\/altermodus.me\/en\/wp-json\/wp\/v2\/pages"}],"about":[{"href":"https:\/\/altermodus.me\/en\/wp-json\/wp\/v2\/types\/page"}],"author":[{"embeddable":true,"href":"https:\/\/altermodus.me\/en\/wp-json\/wp\/v2\/users\/9"}],"replies":[{"embeddable":true,"href":"https:\/\/altermodus.me\/en\/wp-json\/wp\/v2\/comments?post=18803"}],"version-history":[{"count":4,"href":"https:\/\/altermodus.me\/en\/wp-json\/wp\/v2\/pages\/18803\/revisions"}],"predecessor-version":[{"id":18807,"href":"https:\/\/altermodus.me\/en\/wp-json\/wp\/v2\/pages\/18803\/revisions\/18807"}],"wp:attachment":[{"href":"https:\/\/altermodus.me\/en\/wp-json\/wp\/v2\/media?parent=18803"}],"curies":[{"name":"wp","href":"https:\/\/api.w.org\/{rel}","templated":true}]}}